{"id":1930,"date":"2024-10-23T17:09:55","date_gmt":"2024-10-23T20:09:55","guid":{"rendered":"https:\/\/heyear.com.br\/plataforma\/?page_id=1930"},"modified":"2026-04-01T08:47:00","modified_gmt":"2026-04-01T11:47:00","slug":"carrinho","status":"publish","type":"page","link":"https:\/\/heyear.com.br\/plataforma\/carrinho\/","title":{"rendered":"Carrinho"},"content":{"rendered":"\t\t<div data-elementor-type=\"wp-page\" data-elementor-id=\"1930\" class=\"elementor elementor-1930\" data-elementor-post-type=\"page\">\n\t\t\t\t<div class=\"elementor-element elementor-element-ec66f24 e-flex e-con-boxed e-con e-parent\" data-id=\"ec66f24\" data-element_type=\"container\" data-settings=\"{&quot;background_background&quot;:&quot;classic&quot;}\">\n\t\t\t\t\t<div class=\"e-con-inner\">\n\t\t<div class=\"elementor-element elementor-element-258e4d8 e-con-full e-flex e-con e-child\" data-id=\"258e4d8\" data-element_type=\"container\">\n\t\t\t\t<div class=\"elementor-element elementor-element-bbea6ee elementor-widget elementor-widget-image\" data-id=\"bbea6ee\" data-element_type=\"widget\" data-widget_type=\"image.default\">\n\t\t\t\t<div class=\"elementor-widget-container\">\n\t\t\t\t\t\t\t\t\t\t\t\t\t\t\t\t<a href=\"https:\/\/heyear.com.br\/plataforma\/cursos\/\">\n\t\t\t\t\t\t\t<img fetchpriority=\"high\" decoding=\"async\" width=\"800\" height=\"165\" src=\"https:\/\/heyear.com.br\/plataforma\/wp-content\/uploads\/2024\/10\/hey_ear_logo_2.svg\" class=\"attachment-large size-large wp-image-885\" alt=\"\" \/>\t\t\t\t\t\t\t\t<\/a>\n\t\t\t\t\t\t\t\t\t\t\t\t\t\t\t<\/div>\n\t\t\t\t<\/div>\n\t\t\t\t<\/div>\n\t\t<div class=\"elementor-element elementor-element-1c0e990 e-con-full e-flex e-con e-child\" data-id=\"1c0e990\" data-element_type=\"container\">\n\t\t\t\t<\/div>\n\t\t\t\t\t<\/div>\n\t\t\t\t<\/div>\n\t\t<div class=\"elementor-element elementor-element-3903af4 e-flex e-con-boxed e-con e-parent\" data-id=\"3903af4\" data-element_type=\"container\" data-settings=\"{&quot;background_background&quot;:&quot;classic&quot;}\">\n\t\t\t\t\t<div class=\"e-con-inner\">\n\t\t<div class=\"elementor-element elementor-element-795f69c e-con-full e-flex e-con e-child\" data-id=\"795f69c\" data-element_type=\"container\">\n\t\t\t\t<div class=\"elementor-element elementor-element-9f9da5b elementor-widget elementor-widget-heading\" data-id=\"9f9da5b\" data-element_type=\"widget\" data-widget_type=\"heading.default\">\n\t\t\t\t<div class=\"elementor-widget-container\">\n\t\t\t\t\t<h2 class=\"elementor-heading-title elementor-size-default\">Finalizar compra<\/h2>\t\t\t\t<\/div>\n\t\t\t\t<\/div>\n\t\t\t\t<\/div>\n\t\t\t\t\t<\/div>\n\t\t\t\t<\/div>\n\t\t<div class=\"elementor-element elementor-element-d20beb3 e-flex e-con-boxed e-con e-parent\" data-id=\"d20beb3\" data-element_type=\"container\" data-settings=\"{&quot;background_background&quot;:&quot;classic&quot;}\">\n\t\t\t\t\t<div class=\"e-con-inner\">\n\t\t<div class=\"elementor-element elementor-element-c8e3a79 e-con-full e-flex e-con e-child\" data-id=\"c8e3a79\" data-element_type=\"container\">\n\t\t\t\t<div class=\"elementor-element elementor-element-7d83d3e elementor-widget elementor-widget-shortcode\" data-id=\"7d83d3e\" data-element_type=\"widget\" data-widget_type=\"shortcode.default\">\n\t\t\t\t<div class=\"elementor-widget-container\">\n\t\t\t\t\t\t\t<div class=\"elementor-shortcode\">\n        <div class=\"trial-notice\">\n            <div class=\"trial-notice__icon\">\n                <i class=\"fas fa-check\"><\/i>\n            <\/div>\n            <div>\n                <p class=\"trial-notice__title\">Voc\u00ea n\u00e3o ser\u00e1 cobrado neste momento<\/p>\n                <p class=\"trial-notice__text\">\n                    Voc\u00ea estar\u00e1 iniciando o <strong>teste gratuito de 3 dias<\/strong> e nenhuma cobran\u00e7a ser\u00e1 realizada agora.\n                    Por esse motivo, o valor da assinatura est\u00e1 em <strong>R$ 0,00<\/strong>.\n                    Ap\u00f3s esse per\u00edodo, a assinatura ser\u00e1 ativada automaticamente, caso n\u00e3o haja cancelamento.\n                <\/p>\n            <\/div>\n        <\/div>\n    <\/div>\n\t\t\t\t\t\t<\/div>\n\t\t\t\t<\/div>\n\t\t\t\t<\/div>\n\t\t\t\t\t<\/div>\n\t\t\t\t<\/div>\n\t\t<div class=\"elementor-element elementor-element-e15e252 e-flex e-con-boxed e-con e-parent\" data-id=\"e15e252\" data-element_type=\"container\" data-settings=\"{&quot;background_background&quot;:&quot;classic&quot;}\">\n\t\t\t\t\t<div class=\"e-con-inner\">\n\t\t\t\t<div class=\"elementor-element elementor-element-9b7c972 elementor-widget elementor-widget-image\" data-id=\"9b7c972\" data-element_type=\"widget\" data-widget_type=\"image.default\">\n\t\t\t\t<div class=\"elementor-widget-container\">\n\t\t\t\t\t\t\t\t\t\t\t\t\t\t\t<img decoding=\"async\" width=\"263\" height=\"54\" src=\"https:\/\/heyear.com.br\/plataforma\/wp-content\/uploads\/2024\/10\/hey_ear_logo.svg\" class=\"attachment-large size-large wp-image-858\" alt=\"\" \/>\t\t\t\t\t\t\t\t\t\t\t\t\t\t\t<\/div>\n\t\t\t\t<\/div>\n\t\t\t\t<div class=\"elementor-element elementor-element-bcff0f8 elementor-align-center elementor-icon-list--layout-traditional elementor-list-item-link-full_width elementor-widget elementor-widget-icon-list\" data-id=\"bcff0f8\" data-element_type=\"widget\" data-widget_type=\"icon-list.default\">\n\t\t\t\t<div class=\"elementor-widget-container\">\n\t\t\t\t\t\t\t<ul class=\"elementor-icon-list-items\">\n\t\t\t\t\t\t\t<li class=\"elementor-icon-list-item\">\n\t\t\t\t\t\t\t\t\t\t\t<a href=\"https:\/\/api.whatsapp.com\/send\/?phone=5531991648227&#038;text=Ol%C3%A1%2C%20vim%20pela%20plataforma%20e%20gostaria%20de%20tirar%20uma%20d%C3%BAvida.\">\n\n\t\t\t\t\t\t\t\t\t\t\t\t<span class=\"elementor-icon-list-icon\">\n\t\t\t\t\t\t\t<svg aria-hidden=\"true\" class=\"e-font-icon-svg e-fas-phone-alt\" viewBox=\"0 0 512 512\" xmlns=\"http:\/\/www.w3.org\/2000\/svg\"><path d=\"M497.39 361.8l-112-48a24 24 0 0 0-28 6.9l-49.6 60.6A370.66 370.66 0 0 1 130.6 204.11l60.6-49.6a23.94 23.94 0 0 0 6.9-28l-48-112A24.16 24.16 0 0 0 122.6.61l-104 24A24 24 0 0 0 0 48c0 256.5 207.9 464 464 464a24 24 0 0 0 23.4-18.6l24-104a24.29 24.29 0 0 0-14.01-27.6z\"><\/path><\/svg>\t\t\t\t\t\t<\/span>\n\t\t\t\t\t\t\t\t\t\t<span class=\"elementor-icon-list-text\"><b>Suporte: <\/b>(31) 9 9164-8227<\/span>\n\t\t\t\t\t\t\t\t\t\t\t<\/a>\n\t\t\t\t\t\t\t\t\t<\/li>\n\t\t\t\t\t\t<\/ul>\n\t\t\t\t\t\t<\/div>\n\t\t\t\t<\/div>\n\t\t\t\t\t<\/div>\n\t\t\t\t<\/div>\n\t\t<div class=\"elementor-element elementor-element-ee6d6ab e-flex e-con-boxed e-con e-parent\" data-id=\"ee6d6ab\" data-element_type=\"container\" data-settings=\"{&quot;background_background&quot;:&quot;classic&quot;}\">\n\t\t\t\t\t<div class=\"e-con-inner\">\n\t\t<div class=\"elementor-element elementor-element-fb59e5a e-con-full e-flex e-con e-child\" data-id=\"fb59e5a\" data-element_type=\"container\">\n\t\t\t\t<div class=\"elementor-element elementor-element-cfdd13b elementor-align-center elementor-icon-list--layout-traditional elementor-list-item-link-full_width elementor-widget elementor-widget-icon-list\" data-id=\"cfdd13b\" data-element_type=\"widget\" data-widget_type=\"icon-list.default\">\n\t\t\t\t<div class=\"elementor-widget-container\">\n\t\t\t\t\t\t\t<ul class=\"elementor-icon-list-items\">\n\t\t\t\t\t\t\t<li class=\"elementor-icon-list-item\">\n\t\t\t\t\t\t\t\t\t\t\t<a href=\"https:\/\/merakianalytics.com.br\">\n\n\t\t\t\t\t\t\t\t\t\t\t<span class=\"elementor-icon-list-text\">\u00a92026. Feito com alma, criatividade e amor por <b>Meraki Analytics.<\/b><\/span>\n\t\t\t\t\t\t\t\t\t\t\t<\/a>\n\t\t\t\t\t\t\t\t\t<\/li>\n\t\t\t\t\t\t<\/ul>\n\t\t\t\t\t\t<\/div>\n\t\t\t\t<\/div>\n\t\t\t\t<\/div>\n\t\t\t\t\t<\/div>\n\t\t\t\t<\/div>\n\t\t\t\t<\/div>\n\t\t","protected":false},"excerpt":{"rendered":"<p>Finalizar compra Remover item Imagem de miniatura Produto Pre\u00e7o Quantidade Subtotal &times; Assinatura trimestral &#82;&#36;&nbsp;0,00 Assinatura trimestral quantidade &#82;&#36;&nbsp;0,00 Aplicar cupom Total no carrinho Subtotal &#82;&#36;&nbsp;0,00 Total &#82;&#36;&nbsp;0,00 Avan\u00e7ar para o pagamento Suporte: (31) 9 9164-8227<\/p>\n","protected":false},"author":1,"featured_media":0,"parent":0,"menu_order":0,"comment_status":"closed","ping_status":"closed","template":"elementor_canvas","meta":{"footnotes":""},"class_list":["post-1930","page","type-page","status-publish","hentry"],"_links":{"self":[{"href":"https:\/\/heyear.com.br\/plataforma\/wp-json\/wp\/v2\/pages\/1930","targetHints":{"allow":["GET"]}}],"collection":[{"href":"https:\/\/heyear.com.br\/plataforma\/wp-json\/wp\/v2\/pages"}],"about":[{"href":"https:\/\/heyear.com.br\/plataforma\/wp-json\/wp\/v2\/types\/page"}],"author":[{"embeddable":true,"href":"https:\/\/heyear.com.br\/plataforma\/wp-json\/wp\/v2\/users\/1"}],"replies":[{"embeddable":true,"href":"https:\/\/heyear.com.br\/plataforma\/wp-json\/wp\/v2\/comments?post=1930"}],"version-history":[{"count":34,"href":"https:\/\/heyear.com.br\/plataforma\/wp-json\/wp\/v2\/pages\/1930\/revisions"}],"predecessor-version":[{"id":3243,"href":"https:\/\/heyear.com.br\/plataforma\/wp-json\/wp\/v2\/pages\/1930\/revisions\/3243"}],"wp:attachment":[{"href":"https:\/\/heyear.com.br\/plataforma\/wp-json\/wp\/v2\/media?parent=1930"}],"curies":[{"name":"wp","href":"https:\/\/api.w.org\/{rel}","templated":true}]}}